{"id":17395,"date":"2016-12-15T13:06:44","date_gmt":"2016-12-15T16:06:44","guid":{"rendered":"http:\/\/elviogarcia.com.br\/cirurgia-plastica\/breast-augmentation\/"},"modified":"2016-12-15T13:08:02","modified_gmt":"2016-12-15T16:08:02","slug":"breast-augmentation","status":"publish","type":"page","link":"https:\/\/elviogarcia.com.br\/en\/cirurgia-plastica\/breast-augmentation\/","title":{"rendered":"Breast Augmentation"},"content":{"rendered":"<section class=\"l-section wpb_row height_medium\"><div class=\"l-section-h i-cf\"><div class=\"g-cols offset_small\"><div class=\"vc_col-sm-4 wpb_column vc_column_container\"><div class=\"vc_column-inner\"><div class=\"w-image \"><img loading=\"lazy\" decoding=\"async\" width=\"450\" height=\"450\" src=\"https:\/\/elviogarcia.com.br\/wp-content\/uploads\/2016\/12\/protese_mama_elvio_garcia.jpg\" class=\"attachment-full size-full\" alt=\"\" srcset=\"https:\/\/elviogarcia.com.br\/wp-content\/uploads\/2016\/12\/protese_mama_elvio_garcia.jpg 450w, https:\/\/elviogarcia.com.br\/wp-content\/uploads\/2016\/12\/protese_mama_elvio_garcia-150x150.jpg 150w, https:\/\/elviogarcia.com.br\/wp-content\/uploads\/2016\/12\/protese_mama_elvio_garcia-300x300.jpg 300w, https:\/\/elviogarcia.com.br\/wp-content\/uploads\/2016\/12\/protese_mama_elvio_garcia-350x350.jpg 350w\" sizes=\"auto, (max-width: 450px) 100vw, 450px\" \/><\/div><\/div><\/div><div class=\"vc_col-sm-8 wpb_column vc_column_container\"><div class=\"vc_column-inner\"><div class=\"wpb_text_column \"><div class=\"wpb_wrapper\">\n<h3 style=\"text-align: center;\">Frequently Asked Questions<\/h3>\n<\/div> <\/div> <div class=\"w-tabs layout_default accordion type_togglable title_left icon_plus iconpos_right \"><div class=\"w-tabs-list items_4\"><div class=\"w-tabs-list-h\"><div class=\"w-tabs-item\"><a href=\"#1473883168900-d1de42cb-1732e7db-3fe6\" class=\"w-tabs-item-h\"><span class=\"w-tabs-item-title\">1. A pr\u00f3tese de mama interfere na amamenta\u00e7\u00e3o?<\/span><\/a><\/div>\n<div class=\"w-tabs-item\"><a href=\"#1473883169064-2c345c64-e19ee7db-3fe6\" class=\"w-tabs-item-h\"><span class=\"w-tabs-item-title\">2. O p\u00f3s-operat\u00f3rio \u00e9 doloroso?<\/span><\/a><\/div>\n<div class=\"w-tabs-item\"><a href=\"#1473883169239-bad55354-d11be7db-3fe6\" class=\"w-tabs-item-h\"><span class=\"w-tabs-item-title\">3. Quando poderei retornar \u00e0s atividades?<\/span><\/a><\/div>\n<div class=\"w-tabs-item\"><a href=\"#1473887395232-796383b6-8077\" class=\"w-tabs-item-h\"><span class=\"w-tabs-item-title\">4. Rejei\u00e7\u00e3o a pr\u00f3tese. O que significa?<\/span><\/a><\/div>\n<\/div><\/div><div class=\"w-tabs-sections\"><div class=\"w-tabs-sections-h\"><div class=\"w-tabs-section\" id=\"1473883168900-d1de42cb-1732e7db-3fe6\"><a href=\"#1473883168900-d1de42cb-1732e7db-3fe6\" class=\"w-tabs-section-header\"><div class=\"w-tabs-section-header-h\"><h4 class=\"w-tabs-section-title\">1. A pr\u00f3tese de mama interfere na amamenta\u00e7\u00e3o?<\/h4><div class=\"w-tabs-section-control\"><\/div><\/div><\/a><div class=\"w-tabs-section-content\"><div class=\"w-tabs-section-content-h i-cf\"><div class=\"wpb_text_column \"><div class=\"wpb_wrapper\"><p>N\u00e3o. Independente da t\u00e9cnica subglandular ou submuscular n\u00e3o interfere na amamenta\u00e7\u00e3o. Se a paciente n\u00e3o teve filhos ou ainda deseja t\u00ea-los, toma-se o cuidado de n\u00e3o colocar a pr\u00f3tese pela ar\u00e9ola para que n\u00e3o ocorra o comprometimento da gl\u00e2ndula mam\u00e1ria.<\/p><\/div> <\/div> <\/div><\/div><\/div><div class=\"w-tabs-section\" id=\"1473883169064-2c345c64-e19ee7db-3fe6\"><a href=\"#1473883169064-2c345c64-e19ee7db-3fe6\" class=\"w-tabs-section-header\"><div class=\"w-tabs-section-header-h\"><h4 class=\"w-tabs-section-title\">2. O p\u00f3s-operat\u00f3rio \u00e9 doloroso?<\/h4><div class=\"w-tabs-section-control\"><\/div><\/div><\/a><div class=\"w-tabs-section-content\"><div class=\"w-tabs-section-content-h i-cf\"><div class=\"wpb_text_column \"><div class=\"wpb_wrapper\"><p>Eventualmente a paciente poder\u00e1 relatar dor nos primeiros dias, ainda mais com movimenta\u00e7\u00e3o dos membros superiores, mas que \u00e9 controlada com analg\u00e9sicos. Isso nos casos de pr\u00f3tese subglandular, porque nas pr\u00f3teses submusculares, a dor \u00e9 mais significativa devido ao descolamento do m\u00fasculo, suport\u00e1vel com a recomenda\u00e7\u00e3o de analg\u00e9sicos.<\/p><\/div> <\/div> <\/div><\/div><\/div><div class=\"w-tabs-section\" id=\"1473883169239-bad55354-d11be7db-3fe6\"><a href=\"#1473883169239-bad55354-d11be7db-3fe6\" class=\"w-tabs-section-header\"><div class=\"w-tabs-section-header-h\"><h4 class=\"w-tabs-section-title\">3. Quando poderei retornar \u00e0s atividades?<\/h4><div class=\"w-tabs-section-control\"><\/div><\/div><\/a><div class=\"w-tabs-section-content\"><div class=\"w-tabs-section-content-h i-cf\"><div class=\"wpb_text_column \"><div class=\"wpb_wrapper\"><p>Quanto ao trabalho e estudos, em 1 semana. Se poss\u00edvel, o repouso por 15 dias \u00e9 mais indicado. Fazer gin\u00e1stica s\u00f3 a partir de 1 m\u00eas com o consentimento do m\u00e9dico, por\u00e9m com a recomenda\u00e7\u00e3o de n\u00e3o realizar exerc\u00edcios de membros superiores.<\/p><\/div> <\/div> <\/div><\/div><\/div><div class=\"w-tabs-section\" id=\"1473887395232-796383b6-8077\"><a href=\"#1473887395232-796383b6-8077\" class=\"w-tabs-section-header\"><div class=\"w-tabs-section-header-h\"><h4 class=\"w-tabs-section-title\">4. Rejei\u00e7\u00e3o a pr\u00f3tese. O que significa?<\/h4><div class=\"w-tabs-section-control\"><\/div><\/div><\/a><div class=\"w-tabs-section-content\"><div class=\"w-tabs-section-content-h i-cf\"><div class=\"wpb_text_column \"><div class=\"wpb_wrapper\"><p>Em torno da pr\u00f3tese forma-se uma pel\u00edcula (c\u00e1psula) biol\u00f3gica que, em algumas pacientes, torna-se espessa e ao se retrair, leva ao endurecimento da mama. Caso isso ocorra, avalia-se o caso e, se necess\u00e1rio, retira-se esta pr\u00f3tese pela cicatriz anterior. Em seguida, discute-se sobre nova reintrodu\u00e7\u00e3o ou outra conduta mais indicada para o caso. A retra\u00e7\u00e3o capsular deve-se a rejei\u00e7\u00e3o que o pr\u00f3prio organismo pode ter com o implante de silicone.<\/p><\/div> <\/div> <\/div><\/div><\/div><\/div><\/div><\/div><\/div><\/div><\/div><\/div><\/section><section class=\"l-section wpb_row height_medium\" style=\"margin-top: -30px !important;\"><div class=\"l-section-h i-cf\"><div class=\"g-cols offset_small\"><div class=\"vc_col-sm-6 wpb_column vc_column_container\"><div class=\"vc_column-inner\"><div class=\"wpb_text_column \"><div class=\"wpb_wrapper\">\n<p>Through this surgical procedure, it is possible to enlarge breast volume, providing better cosmetic appearance. In some cases, this surgery is recommended for patients whose breasts are dyssimetrical so as to improve their appearance and correct the difference in the breast sizes.<\/p>\n<p>The implant may be inserted behind the breast tissue or beneath your chest muscle, depending on each circumstance.<\/p>\n<\/div> <\/div> <\/div><\/div><div class=\"vc_col-sm-6 wpb_column vc_column_container\"><div class=\"vc_column-inner\"><div class=\"wpb_text_column \"><div class=\"wpb_wrapper\">\n<p>The patient may choose the area where the incision will be made since this decision will define the area where the remaining scar will be located. The incision can be made in your areola just above the crease, or in your armpit.<\/p>\n<p>The type of anesthesia used will be discussed for each case, but it can be general, local or peridural and the surgery lasts approximately 1\u00bd hours. The patient may be discharged from hospital on the same day of the surgery.<\/p>\n<\/div> <\/div> <\/div><\/div><\/div><\/div><\/section>\n","protected":false},"excerpt":{"rendered":"Frequently Asked Questions 1. A pr\u00f3tese de mama interfere na amamenta\u00e7\u00e3o? 2. O p\u00f3s-operat\u00f3rio \u00e9 doloroso? 3. Quando poderei retornar \u00e0s atividades? 4. Rejei\u00e7\u00e3o a pr\u00f3tese. O que significa? 1....","protected":false},"author":1,"featured_media":0,"parent":17376,"menu_order":0,"comment_status":"closed","ping_status":"closed","template":"","meta":{"footnotes":""},"class_list":["post-17395","page","type-page","status-publish","hentry"],"aioseo_notices":[],"_links":{"self":[{"href":"https:\/\/elviogarcia.com.br\/en\/wp-json\/wp\/v2\/pages\/17395\/"}],"collection":[{"href":"https:\/\/elviogarcia.com.br\/en\/wp-json\/wp\/v2\/pages\/"}],"about":[{"href":"https:\/\/elviogarcia.com.br\/en\/wp-json\/wp\/v2\/types\/page\/"}],"author":[{"embeddable":true,"href":"https:\/\/elviogarcia.com.br\/en\/wp-json\/wp\/v2\/users\/1\/"}],"replies":[{"embeddable":true,"href":"https:\/\/elviogarcia.com.br\/en\/wp-json\/wp\/v2\/comments\/?post=17395"}],"version-history":[{"count":5,"href":"https:\/\/elviogarcia.com.br\/en\/wp-json\/wp\/v2\/pages\/17395\/revisions\/"}],"predecessor-version":[{"id":17401,"href":"https:\/\/elviogarcia.com.br\/en\/wp-json\/wp\/v2\/pages\/17395\/revisions\/17401\/"}],"up":[{"embeddable":true,"href":"https:\/\/elviogarcia.com.br\/en\/wp-json\/wp\/v2\/pages\/17376\/"}],"wp:attachment":[{"href":"https:\/\/elviogarcia.com.br\/en\/wp-json\/wp\/v2\/media\/?parent=17395"}],"curies":[{"name":"wp","href":"https:\/\/api.w.org\/{rel}","templated":true}]}}