{"id":17410,"date":"2016-12-15T13:21:41","date_gmt":"2016-12-15T16:21:41","guid":{"rendered":"http:\/\/elviogarcia.com.br\/cirurgia-plastica\/hair-replacement-surgery\/"},"modified":"2016-12-15T13:21:41","modified_gmt":"2016-12-15T16:21:41","slug":"hair-replacement-surgery","status":"publish","type":"page","link":"http:\/\/elviogarcia.com.br\/en\/cirurgia-plastica\/hair-replacement-surgery\/","title":{"rendered":"Hair Replacement Surgery"},"content":{"rendered":"<section class=\"l-section wpb_row height_medium\"><div class=\"l-section-h i-cf\"><div class=\"g-cols offset_small\"><div class=\"vc_col-sm-4 wpb_column vc_column_container\"><div class=\"vc_column-inner\"><div class=\"w-image \"><img loading=\"lazy\" decoding=\"async\" width=\"450\" height=\"450\" src=\"http:\/\/elviogarcia.com.br\/wp-content\/uploads\/2016\/12\/transplante_cabelo_elvio_garcia.jpg\" class=\"attachment-full size-full\" alt=\"\" srcset=\"http:\/\/elviogarcia.com.br\/wp-content\/uploads\/2016\/12\/transplante_cabelo_elvio_garcia.jpg 450w, http:\/\/elviogarcia.com.br\/wp-content\/uploads\/2016\/12\/transplante_cabelo_elvio_garcia-150x150.jpg 150w, http:\/\/elviogarcia.com.br\/wp-content\/uploads\/2016\/12\/transplante_cabelo_elvio_garcia-300x300.jpg 300w, http:\/\/elviogarcia.com.br\/wp-content\/uploads\/2016\/12\/transplante_cabelo_elvio_garcia-350x350.jpg 350w\" sizes=\"auto, (max-width: 450px) 100vw, 450px\" \/><\/div><\/div><\/div><div class=\"vc_col-sm-8 wpb_column vc_column_container\"><div class=\"vc_column-inner\"><div class=\"wpb_text_column \"><div class=\"wpb_wrapper\">\n<h3 style=\"text-align: center;\">Frenquently Asked Questions<\/h3>\n<\/div> <\/div> <div class=\"w-tabs layout_default accordion type_togglable title_left icon_plus iconpos_right \"><div class=\"w-tabs-list items_2\"><div class=\"w-tabs-list-h\"><div class=\"w-tabs-item\"><a href=\"#1473883168900-d1de42cb-17320d10-ac10\" class=\"w-tabs-item-h\"><span class=\"w-tabs-item-title\">1. O transplante fica com apar\u00eancia natural?<\/span><\/a><\/div>\n<div class=\"w-tabs-item\"><a href=\"#1473883169064-2c345c64-e19e0d10-ac10\" class=\"w-tabs-item-h\"><span class=\"w-tabs-item-title\">2. Por quanto tempo permanece o resultado?<\/span><\/a><\/div>\n<\/div><\/div><div class=\"w-tabs-sections\"><div class=\"w-tabs-sections-h\"><div class=\"w-tabs-section\" id=\"1473883168900-d1de42cb-17320d10-ac10\"><a href=\"#1473883168900-d1de42cb-17320d10-ac10\" class=\"w-tabs-section-header\"><div class=\"w-tabs-section-header-h\"><h4 class=\"w-tabs-section-title\">1. O transplante fica com apar\u00eancia natural?<\/h4><div class=\"w-tabs-section-control\"><\/div><\/div><\/a><div class=\"w-tabs-section-content\"><div class=\"w-tabs-section-content-h i-cf\"><div class=\"wpb_text_column \"><div class=\"wpb_wrapper\"><p>Sim. Como s\u00e3o utilizadas ra\u00edzes do pr\u00f3prio doador (o paciente), as caracter\u00edsticas do cabelo s\u00e3o as mesmas e a naturalidade \u00e9 conquistada pelo refinamento t\u00e9cnico e uma grande concentra\u00e7\u00e3o de fol\u00edculos.<\/p><\/div> <\/div> <\/div><\/div><\/div><div class=\"w-tabs-section\" id=\"1473883169064-2c345c64-e19e0d10-ac10\"><a href=\"#1473883169064-2c345c64-e19e0d10-ac10\" class=\"w-tabs-section-header\"><div class=\"w-tabs-section-header-h\"><h4 class=\"w-tabs-section-title\">2. Por quanto tempo permanece o resultado?<\/h4><div class=\"w-tabs-section-control\"><\/div><\/div><\/a><div class=\"w-tabs-section-content\"><div class=\"w-tabs-section-content-h i-cf\"><div class=\"wpb_text_column \"><div class=\"wpb_wrapper\"><p>O resultado \u00e9 definitivo, ou seja, os fol\u00edculos novos implantados n\u00e3o caem.<\/p><\/div> <\/div> <\/div><\/div><\/div><\/div><\/div><\/div><\/div><\/div><\/div><\/div><\/section><section class=\"l-section wpb_row height_medium\" style=\"margin-top: -30px !important;\"><div class=\"l-section-h i-cf\"><div class=\"g-cols offset_small\"><div class=\"vc_col-sm-6 wpb_column vc_column_container\"><div class=\"vc_column-inner\"><div class=\"wpb_text_column \"><div class=\"wpb_wrapper\">\n<p>This can be also referred to as hair self-transplant since the patient is the donor of his own new hair-bearing scalp. In general, a person suffers from baldness has hair on the back and side portions of the scalp. This is the area from where grafts and flaps are taken and much attention is given to preserving this region<\/p>\n<p>Later, each graft (one at a time) is placed on the area where the transplant is desired. It is possible to place up to 3,000 new grafts in only one stage.<\/p>\n<\/div> <\/div> <\/div><\/div><div class=\"vc_col-sm-6 wpb_column vc_column_container\"><div class=\"vc_column-inner\"><div class=\"wpb_text_column \"><div class=\"wpb_wrapper\">\n<p>Hair Loss \u2013 Norwood\u00b4s Classification<\/p>\n<p>The scar derived from the hair-bearing scalp is not visible since it is located amidst the hair. The area that receives the graft forms a scab for the first few days, but this disappear over time. This surgery can be performed more than once depending on the level of baldness.<\/p>\n<p>For this procedure, a local anesthesia is used and the surgery lasts an average of 4 hours. The patient is allowed to go home following the surgery.<\/p>\n<\/div> <\/div> <\/div><\/div><\/div><\/div><\/section>\n","protected":false},"excerpt":{"rendered":"Frenquently Asked Questions 1. O transplante fica com apar\u00eancia natural? 2. Por quanto tempo permanece o resultado? 1. O transplante fica com apar\u00eancia natural?Sim. Como s\u00e3o utilizadas ra\u00edzes do pr\u00f3prio...","protected":false},"author":1,"featured_media":0,"parent":17376,"menu_order":0,"comment_status":"closed","ping_status":"closed","template":"","meta":{"footnotes":""},"class_list":["post-17410","page","type-page","status-publish","hentry"],"aioseo_notices":[],"_links":{"self":[{"href":"http:\/\/elviogarcia.com.br\/en\/wp-json\/wp\/v2\/pages\/17410\/"}],"collection":[{"href":"http:\/\/elviogarcia.com.br\/en\/wp-json\/wp\/v2\/pages\/"}],"about":[{"href":"http:\/\/elviogarcia.com.br\/en\/wp-json\/wp\/v2\/types\/page\/"}],"author":[{"embeddable":true,"href":"http:\/\/elviogarcia.com.br\/en\/wp-json\/wp\/v2\/users\/1\/"}],"replies":[{"embeddable":true,"href":"http:\/\/elviogarcia.com.br\/en\/wp-json\/wp\/v2\/comments\/?post=17410"}],"version-history":[{"count":3,"href":"http:\/\/elviogarcia.com.br\/en\/wp-json\/wp\/v2\/pages\/17410\/revisions\/"}],"predecessor-version":[{"id":17413,"href":"http:\/\/elviogarcia.com.br\/en\/wp-json\/wp\/v2\/pages\/17410\/revisions\/17413\/"}],"up":[{"embeddable":true,"href":"http:\/\/elviogarcia.com.br\/en\/wp-json\/wp\/v2\/pages\/17376\/"}],"wp:attachment":[{"href":"http:\/\/elviogarcia.com.br\/en\/wp-json\/wp\/v2\/media\/?parent=17410"}],"curies":[{"name":"wp","href":"https:\/\/api.w.org\/{rel}","templated":true}]}}