{"id":17405,"date":"2016-12-15T13:17:58","date_gmt":"2016-12-15T16:17:58","guid":{"rendered":"http:\/\/elviogarcia.com.br\/cirurgia-plastica\/facelift-rhytidectomy\/"},"modified":"2016-12-15T13:17:59","modified_gmt":"2016-12-15T16:17:59","slug":"facelift-rhytidectomy","status":"publish","type":"page","link":"http:\/\/elviogarcia.com.br\/en\/cirurgia-plastica\/facelift-rhytidectomy\/","title":{"rendered":"Facelift (Rhytidectomy)"},"content":{"rendered":"<section class=\"l-section wpb_row height_medium\"><div class=\"l-section-h i-cf\"><div class=\"g-cols offset_small\"><div class=\"vc_col-sm-4 wpb_column vc_column_container\"><div class=\"vc_column-inner\"><div class=\"w-image \"><img loading=\"lazy\" decoding=\"async\" width=\"450\" height=\"450\" src=\"http:\/\/elviogarcia.com.br\/wp-content\/uploads\/2016\/12\/ritidoplastia_elvio_garcia.jpg\" class=\"attachment-full size-full\" alt=\"\" srcset=\"http:\/\/elviogarcia.com.br\/wp-content\/uploads\/2016\/12\/ritidoplastia_elvio_garcia.jpg 450w, http:\/\/elviogarcia.com.br\/wp-content\/uploads\/2016\/12\/ritidoplastia_elvio_garcia-150x150.jpg 150w, http:\/\/elviogarcia.com.br\/wp-content\/uploads\/2016\/12\/ritidoplastia_elvio_garcia-300x300.jpg 300w, http:\/\/elviogarcia.com.br\/wp-content\/uploads\/2016\/12\/ritidoplastia_elvio_garcia-350x350.jpg 350w\" sizes=\"auto, (max-width: 450px) 100vw, 450px\" \/><\/div><\/div><\/div><div class=\"vc_col-sm-8 wpb_column vc_column_container\"><div class=\"vc_column-inner\"><div class=\"wpb_text_column \"><div class=\"wpb_wrapper\">\n<h3 style=\"text-align: center;\">Frequently Asked Questions<\/h3>\n<\/div> <\/div> <div class=\"w-tabs layout_default accordion type_togglable title_left icon_plus iconpos_right \"><div class=\"w-tabs-list items_2\"><div class=\"w-tabs-list-h\"><div class=\"w-tabs-item\"><a href=\"#1473883168900-d1de42cb-1732490a-9d6b\" class=\"w-tabs-item-h\"><span class=\"w-tabs-item-title\">1. Quantos anos vou rejuvenescer ?<\/span><\/a><\/div>\n<div class=\"w-tabs-item\"><a href=\"#1473883169064-2c345c64-e19e490a-9d6b\" class=\"w-tabs-item-h\"><span class=\"w-tabs-item-title\">2. Por quanto tempo permanece o resultado?<\/span><\/a><\/div>\n<\/div><\/div><div class=\"w-tabs-sections\"><div class=\"w-tabs-sections-h\"><div class=\"w-tabs-section\" id=\"1473883168900-d1de42cb-1732490a-9d6b\"><a href=\"#1473883168900-d1de42cb-1732490a-9d6b\" class=\"w-tabs-section-header\"><div class=\"w-tabs-section-header-h\"><h4 class=\"w-tabs-section-title\">1. Quantos anos vou rejuvenescer ?<\/h4><div class=\"w-tabs-section-control\"><\/div><\/div><\/a><div class=\"w-tabs-section-content\"><div class=\"w-tabs-section-content-h i-cf\"><div class=\"wpb_text_column \"><div class=\"wpb_wrapper\"><p>N\u00e3o \u00e9 poss\u00edvel, atrav\u00e9s da cirurgia, transformar uma face de 50 anos em outra de 30. Mas, \u00e9 poss\u00edvel amenizar as marcas que s\u00e3o deixadas com o passar dos anos, proporcionando uma apar\u00eancia menos \u201ccarregada\u201d, suavizando as rugas e linhas de express\u00e3o.<\/p><\/div> <\/div> <\/div><\/div><\/div><div class=\"w-tabs-section\" id=\"1473883169064-2c345c64-e19e490a-9d6b\"><a href=\"#1473883169064-2c345c64-e19e490a-9d6b\" class=\"w-tabs-section-header\"><div class=\"w-tabs-section-header-h\"><h4 class=\"w-tabs-section-title\">2. Por quanto tempo permanece o resultado?<\/h4><div class=\"w-tabs-section-control\"><\/div><\/div><\/a><div class=\"w-tabs-section-content\"><div class=\"w-tabs-section-content-h i-cf\"><div class=\"wpb_text_column \"><div class=\"wpb_wrapper\"><p>A cirurgia da face, pesco\u00e7o e p\u00e1lpebras, retarda visualmente o processo de envelhecimento destas \u00e1reas, mas n\u00e3o interrompe o processo evolutivo do organismo. Em alguns casos, h\u00e1 necessidade de retoques ap\u00f3s certo per\u00edodo de tempo.<\/p><\/div> <\/div> <\/div><\/div><\/div><\/div><\/div><\/div><\/div><\/div><\/div><\/div><\/section><section class=\"l-section wpb_row height_medium\" style=\"margin-top: -30px !important;\"><div class=\"l-section-h i-cf\"><div class=\"g-cols offset_small\"><div class=\"vc_col-sm-6 wpb_column vc_column_container\"><div class=\"vc_column-inner\"><div class=\"wpb_text_column \"><div class=\"wpb_wrapper\">\n<p>As time passes, aging signals become more apparent. These can be smoothed with this surgery. The procedure aims to remove excess skin and fat accumulated in certain areas of the face that appear as puffy bags, furrows and expression wrinkles.<\/p>\n<\/div> <\/div> <\/div><\/div><div class=\"vc_col-sm-6 wpb_column vc_column_container\"><div class=\"vc_column-inner\"><div class=\"wpb_text_column \"><div class=\"wpb_wrapper\">\n<p>This procedure also provides excellent results for crow\u2019s feet, cheek folds, double chins and sagging skin on your neck. After the surgery, you will have a fresher, more youthful face that still maintains your natural personal features.<\/p>\n<p>This procedure lasts 2 hours and can be performed under general or local anesthesia associated with sedation. The patient will be discharged on the following day.<\/p>\n<\/div> <\/div> <\/div><\/div><\/div><\/div><\/section>\n","protected":false},"excerpt":{"rendered":"Frequently Asked Questions 1. Quantos anos vou rejuvenescer ? 2. Por quanto tempo permanece o resultado? 1. Quantos anos vou rejuvenescer ?N\u00e3o \u00e9 poss\u00edvel, atrav\u00e9s da cirurgia, transformar uma face...","protected":false},"author":1,"featured_media":0,"parent":17376,"menu_order":0,"comment_status":"closed","ping_status":"closed","template":"","meta":{"footnotes":""},"class_list":["post-17405","page","type-page","status-publish","hentry"],"aioseo_notices":[],"_links":{"self":[{"href":"http:\/\/elviogarcia.com.br\/en\/wp-json\/wp\/v2\/pages\/17405\/"}],"collection":[{"href":"http:\/\/elviogarcia.com.br\/en\/wp-json\/wp\/v2\/pages\/"}],"about":[{"href":"http:\/\/elviogarcia.com.br\/en\/wp-json\/wp\/v2\/types\/page\/"}],"author":[{"embeddable":true,"href":"http:\/\/elviogarcia.com.br\/en\/wp-json\/wp\/v2\/users\/1\/"}],"replies":[{"embeddable":true,"href":"http:\/\/elviogarcia.com.br\/en\/wp-json\/wp\/v2\/comments\/?post=17405"}],"version-history":[{"count":3,"href":"http:\/\/elviogarcia.com.br\/en\/wp-json\/wp\/v2\/pages\/17405\/revisions\/"}],"predecessor-version":[{"id":17408,"href":"http:\/\/elviogarcia.com.br\/en\/wp-json\/wp\/v2\/pages\/17405\/revisions\/17408\/"}],"up":[{"embeddable":true,"href":"http:\/\/elviogarcia.com.br\/en\/wp-json\/wp\/v2\/pages\/17376\/"}],"wp:attachment":[{"href":"http:\/\/elviogarcia.com.br\/en\/wp-json\/wp\/v2\/media\/?parent=17405"}],"curies":[{"name":"wp","href":"https:\/\/api.w.org\/{rel}","templated":true}]}}