{"id":17376,"date":"2016-12-15T12:38:28","date_gmt":"2016-12-15T15:38:28","guid":{"rendered":"http:\/\/elviogarcia.com.br\/cirurgia-plastica\/"},"modified":"2016-12-16T11:40:38","modified_gmt":"2016-12-16T14:40:38","slug":"cirurgia-plastica","status":"publish","type":"page","link":"http:\/\/elviogarcia.com.br\/en\/cirurgia-plastica\/","title":{"rendered":"Plastic Surgery"},"content":{"rendered":"<section class=\"l-section wpb_row height_medium with_overlay\" style=\"padding-top: 20px !important;padding-bottom: 20px !important;\"><div class=\"l-section-overlay\" style=\"background-color: #f2f2f2\"><\/div><div class=\"l-section-h i-cf\"><div class=\"g-cols offset_small\"><div class=\"vc_col-sm-6 vc_col-lg-3 vc_col-md-3 wpb_column vc_column_container\"><div class=\"vc_column-inner\"><div class=\"w-image \"><a href=\"http:\/\/http\" title=\"\" target=\"\" rel=\"\"><img loading=\"lazy\" decoding=\"async\" width=\"300\" height=\"160\" src=\"http:\/\/elviogarcia.com.br\/wp-content\/uploads\/2016\/12\/blefaroplastia_elvio_garcia-home.jpg\" class=\"attachment-full size-full\" alt=\"\" \/><\/a><\/div><div class=\"wpb_text_column \"><div class=\"wpb_wrapper\">\n<h6><a href=\"http:\/\/elviogarcia.com.br\/cirurgia-plastica\/blefaroplastia\/\">Blefaroplastia<\/a><\/h6>\n<\/div> <\/div> <\/div><\/div><div class=\"vc_col-sm-6 vc_col-lg-3 vc_col-md-3 wpb_column vc_column_container\"><div class=\"vc_column-inner\"><div class=\"w-image \"><a href=\"http:\/\/http\" title=\"\" target=\"\" rel=\"\"><img loading=\"lazy\" decoding=\"async\" width=\"300\" height=\"160\" src=\"http:\/\/elviogarcia.com.br\/wp-content\/uploads\/2016\/12\/dermolipectomia_abdominal_elvio_garcia-home.jpg\" class=\"attachment-full size-full\" alt=\"\" \/><\/a><\/div><div class=\"wpb_text_column \"><div class=\"wpb_wrapper\">\n<h6><a href=\"http:\/\/elviogarcia.com.br\/cirurgia-plastica\/dermolipectomia-abdominal\/\">Dermolipectomia Abdominal<\/a><\/h6>\n<\/div> <\/div> <\/div><\/div><div class=\"vc_col-sm-6 vc_col-lg-3 vc_col-md-3 wpb_column vc_column_container\"><div class=\"vc_column-inner\"><div class=\"w-image \"><a href=\"http:\/\/http\" title=\"\" target=\"\" rel=\"\"><img loading=\"lazy\" decoding=\"async\" width=\"300\" height=\"160\" src=\"http:\/\/elviogarcia.com.br\/wp-content\/uploads\/2016\/12\/dermolipectomia_crural_elvio_garcia-home.jpg\" class=\"attachment-full size-full\" alt=\"\" \/><\/a><\/div><div class=\"wpb_text_column \"><div class=\"wpb_wrapper\">\n<h6><a href=\"http:\/\/elviogarcia.com.br\/cirurgia-plastica\/dermolipectomia-crural\/\">Dermolipectomia Crural<\/a><\/h6>\n<\/div> <\/div> <\/div><\/div><div class=\"vc_col-sm-6 vc_col-lg-3 vc_col-md-3 wpb_column vc_column_container\"><div class=\"vc_column-inner\"><div class=\"w-image \"><a href=\"http:\/\/http\" title=\"\" target=\"\" rel=\"\"><img loading=\"lazy\" decoding=\"async\" width=\"300\" height=\"160\" src=\"http:\/\/elviogarcia.com.br\/wp-content\/uploads\/2016\/12\/ginecomastia_elvio_garcia-home.jpg\" class=\"attachment-full size-full\" alt=\"\" \/><\/a><\/div><div class=\"wpb_text_column \"><div class=\"wpb_wrapper\">\n<h6><a href=\"http:\/\/elviogarcia.com.br\/cirurgia-plastica\/ginecomastia\/\">Ginecomastia<\/a><\/h6>\n<\/div> <\/div> <\/div><\/div><\/div><\/div><\/section><section class=\"l-section wpb_row height_small with_overlay\" style=\"padding-top: 20px !important;padding-bottom: 20px !important;\"><div class=\"l-section-overlay\" style=\"background-color: #f2f2f2\"><\/div><div class=\"l-section-h i-cf\"><div class=\"g-cols offset_small\"><div class=\"vc_col-sm-6 vc_col-lg-3 vc_col-md-3 wpb_column vc_column_container\"><div class=\"vc_column-inner\"><div class=\"w-image \"><a href=\"http:\/\/http\" title=\"\" target=\"\" rel=\"\"><img loading=\"lazy\" decoding=\"async\" width=\"300\" height=\"160\" src=\"http:\/\/elviogarcia.com.br\/wp-content\/uploads\/2016\/12\/lipoaspiracao_elvio_garcia-home.jpg\" class=\"attachment-full size-full\" alt=\"\" \/><\/a><\/div><div class=\"wpb_text_column \"><div class=\"wpb_wrapper\">\n<h6><a href=\"http:\/\/elviogarcia.com.br\/cirurgia-plastica\/lipoaspiracao\/\">Lipoaspira\u00e7\u00e3o e Lipoescultura<\/a><\/h6>\n<\/div> <\/div> <\/div><\/div><div class=\"vc_col-sm-6 vc_col-lg-3 vc_col-md-3 wpb_column vc_column_container\"><div class=\"vc_column-inner\"><div class=\"w-image \"><a href=\"http:\/\/http\" title=\"\" target=\"\" rel=\"\"><img loading=\"lazy\" decoding=\"async\" width=\"300\" height=\"160\" src=\"http:\/\/elviogarcia.com.br\/wp-content\/uploads\/2016\/12\/mamoplastia_elvio_garcia-home.jpg\" class=\"attachment-full size-full\" alt=\"\" \/><\/a><\/div><div class=\"wpb_text_column \"><div class=\"wpb_wrapper\">\n<h6><a href=\"http:\/\/elviogarcia.com.br\/cirurgia-plastica\/mamoplastia\/\">Mamoplastia<\/a><\/h6>\n<\/div> <\/div> <\/div><\/div><div class=\"vc_col-sm-6 vc_col-lg-3 vc_col-md-3 wpb_column vc_column_container\"><div class=\"vc_column-inner\"><div class=\"w-image \"><a href=\"http:\/\/http\" title=\"\" target=\"\" rel=\"\"><img loading=\"lazy\" decoding=\"async\" width=\"300\" height=\"160\" src=\"http:\/\/elviogarcia.com.br\/wp-content\/uploads\/2016\/12\/mini-abdomen_elvio_garcia-home.jpg\" class=\"attachment-full size-full\" alt=\"\" \/><\/a><\/div><div class=\"wpb_text_column \"><div class=\"wpb_wrapper\">\n<h6><a href=\"http:\/\/elviogarcia.com.br\/cirurgia-plastica\/mini-abdomen\/\">Mini-Abdomen<\/a><\/h6>\n<\/div> <\/div> <\/div><\/div><div class=\"vc_col-sm-6 vc_col-lg-3 vc_col-md-3 wpb_column vc_column_container\"><div class=\"vc_column-inner\"><div class=\"w-image \"><a href=\"http:\/\/http\" title=\"\" target=\"\" rel=\"\"><img loading=\"lazy\" decoding=\"async\" width=\"300\" height=\"160\" src=\"http:\/\/elviogarcia.com.br\/wp-content\/uploads\/2016\/12\/otoplastia_elvio_garcia-home.jpg\" class=\"attachment-full size-full\" alt=\"\" \/><\/a><\/div><div class=\"wpb_text_column \"><div class=\"wpb_wrapper\">\n<h6><a href=\"http:\/\/elviogarcia.com.br\/cirurgia-plastica\/otoplastia\/\">Otoplastia<\/a><\/h6>\n<\/div> <\/div> <\/div><\/div><\/div><\/div><\/section><section class=\"l-section wpb_row height_small with_overlay\" style=\"padding-top: 20px !important;padding-bottom: 20px !important;\"><div class=\"l-section-overlay\" style=\"background-color: #f2f2f2\"><\/div><div class=\"l-section-h i-cf\"><div class=\"g-cols offset_small\"><div class=\"vc_col-sm-6 vc_col-lg-3 vc_col-md-3 wpb_column vc_column_container\"><div class=\"vc_column-inner\"><div class=\"w-image \"><a href=\"http:\/\/http\" title=\"\" target=\"\" rel=\"\"><img loading=\"lazy\" decoding=\"async\" width=\"300\" height=\"160\" src=\"http:\/\/elviogarcia.com.br\/wp-content\/uploads\/2016\/12\/protese_mama_elvio_garcia-home.jpg\" class=\"attachment-full size-full\" alt=\"\" \/><\/a><\/div><div class=\"wpb_text_column \"><div class=\"wpb_wrapper\">\n<h6><a href=\"http:\/\/elviogarcia.com.br\/cirurgia-plastica\/protese-de-mama\/\">Pr\u00f3tese de Mama<\/a><\/h6>\n<\/div> <\/div> <\/div><\/div><div class=\"vc_col-sm-6 vc_col-lg-3 vc_col-md-3 wpb_column vc_column_container\"><div class=\"vc_column-inner\"><div class=\"w-image \"><a href=\"http:\/\/http\" title=\"\" target=\"\" rel=\"\"><img loading=\"lazy\" decoding=\"async\" width=\"300\" height=\"160\" src=\"http:\/\/elviogarcia.com.br\/wp-content\/uploads\/2016\/12\/reconstrucao_mama_elvio_garcia-home.jpg\" class=\"attachment-full size-full\" alt=\"\" \/><\/a><\/div><div class=\"wpb_text_column \"><div class=\"wpb_wrapper\">\n<h6><a href=\"http:\/\/elviogarcia.com.br\/cirurgia-plastica\/reconstrucao-de-mama\/\">Reconstru\u00e7\u00e3o de Mama<\/a><\/h6>\n<\/div> <\/div> <\/div><\/div><div class=\"vc_col-sm-6 vc_col-lg-3 vc_col-md-3 wpb_column vc_column_container\"><div class=\"vc_column-inner\"><div class=\"w-image \"><a href=\"http:\/\/http\" title=\"\" target=\"\" rel=\"\"><img loading=\"lazy\" decoding=\"async\" width=\"300\" height=\"160\" src=\"http:\/\/elviogarcia.com.br\/wp-content\/uploads\/2016\/12\/rinoplastia_elvio_garcia-home.jpg\" class=\"attachment-full size-full\" alt=\"\" \/><\/a><\/div><div class=\"wpb_text_column \"><div class=\"wpb_wrapper\">\n<h6><a href=\"http:\/\/elviogarcia.com.br\/cirurgia-plastica\/rinoplastia\/\">Rinoplastia<\/a><\/h6>\n<\/div> <\/div> <\/div><\/div><div class=\"vc_col-sm-6 vc_col-lg-3 vc_col-md-3 wpb_column vc_column_container\"><div class=\"vc_column-inner\"><div class=\"w-image \"><a href=\"http:\/\/http\" title=\"\" target=\"\" rel=\"\"><img loading=\"lazy\" decoding=\"async\" width=\"300\" height=\"160\" src=\"http:\/\/elviogarcia.com.br\/wp-content\/uploads\/2016\/12\/ritidoplastia_elvio_garcia-home.jpg\" class=\"attachment-full size-full\" alt=\"\" \/><\/a><\/div><div class=\"wpb_text_column \"><div class=\"wpb_wrapper\">\n<h6><a href=\"http:\/\/elviogarcia.com.br\/cirurgia-plastica\/ritidoplastia\/\">Ritidoplastia<\/a><\/h6>\n<\/div> <\/div> <\/div><\/div><\/div><\/div><\/section><section class=\"l-section wpb_row height_small with_overlay\" style=\"padding-top: 20px !important;padding-bottom: 20px !important;\"><div class=\"l-section-overlay\" style=\"background-color: #f2f2f2\"><\/div><div class=\"l-section-h i-cf\"><div class=\"g-cols offset_small\"><div class=\"vc_col-sm-6 vc_col-lg-3 vc_col-md-3 wpb_column vc_column_container\"><div class=\"vc_column-inner\"><div class=\"w-image \"><a href=\"http:\/\/http\" title=\"\" target=\"\" rel=\"\"><img loading=\"lazy\" decoding=\"async\" width=\"300\" height=\"160\" src=\"http:\/\/elviogarcia.com.br\/wp-content\/uploads\/2016\/12\/transplante_cabelo_elvio_garcia-home.jpg\" class=\"attachment-full size-full\" alt=\"\" \/><\/a><\/div><div class=\"wpb_text_column \"><div class=\"wpb_wrapper\">\n<h6><a href=\"http:\/\/elviogarcia.com.br\/cirurgia-plastica\/transplante-de-cabelo\/\">Transplante de Cabelo<\/a><\/h6>\n<\/div> <\/div> <\/div><\/div><div class=\"vc_col-sm-6 vc_col-lg-3 vc_col-md-3 wpb_column vc_column_container\"><div class=\"vc_column-inner\"><\/div><\/div><div class=\"vc_col-sm-6 vc_col-lg-3 vc_col-md-3 wpb_column vc_column_container\"><div class=\"vc_column-inner\"><\/div><\/div><div class=\"vc_col-sm-6 vc_col-lg-3 vc_col-md-3 wpb_column vc_column_container\"><div class=\"vc_column-inner\"><\/div><\/div><\/div><\/div><\/section>\n","protected":false},"excerpt":{"rendered":"Blefaroplastia Dermolipectomia Abdominal Dermolipectomia Crural Ginecomastia Lipoaspira\u00e7\u00e3o e Lipoescultura Mamoplastia Mini-Abdomen Otoplastia Pr\u00f3tese de Mama Reconstru\u00e7\u00e3o de Mama Rinoplastia Ritidoplastia Transplante de Cabelo","protected":false},"author":1,"featured_media":0,"parent":0,"menu_order":3,"comment_status":"closed","ping_status":"closed","template":"","meta":{"footnotes":""},"class_list":["post-17376","page","type-page","status-publish","hentry"],"aioseo_notices":[],"_links":{"self":[{"href":"http:\/\/elviogarcia.com.br\/en\/wp-json\/wp\/v2\/pages\/17376\/"}],"collection":[{"href":"http:\/\/elviogarcia.com.br\/en\/wp-json\/wp\/v2\/pages\/"}],"about":[{"href":"http:\/\/elviogarcia.com.br\/en\/wp-json\/wp\/v2\/types\/page\/"}],"author":[{"embeddable":true,"href":"http:\/\/elviogarcia.com.br\/en\/wp-json\/wp\/v2\/users\/1\/"}],"replies":[{"embeddable":true,"href":"http:\/\/elviogarcia.com.br\/en\/wp-json\/wp\/v2\/comments\/?post=17376"}],"version-history":[{"count":15,"href":"http:\/\/elviogarcia.com.br\/en\/wp-json\/wp\/v2\/pages\/17376\/revisions\/"}],"predecessor-version":[{"id":17418,"href":"http:\/\/elviogarcia.com.br\/en\/wp-json\/wp\/v2\/pages\/17376\/revisions\/17418\/"}],"wp:attachment":[{"href":"http:\/\/elviogarcia.com.br\/en\/wp-json\/wp\/v2\/media\/?parent=17376"}],"curies":[{"name":"wp","href":"https:\/\/api.w.org\/{rel}","templated":true}]}}