{"id":17364,"date":"2016-12-15T11:39:17","date_gmt":"2016-12-15T14:39:17","guid":{"rendered":"http:\/\/elviogarcia.com.br\/aesthetic-treatments\/"},"modified":"2016-12-15T11:39:18","modified_gmt":"2016-12-15T14:39:18","slug":"aesthetic-treatments","status":"publish","type":"page","link":"http:\/\/elviogarcia.com.br\/en\/aesthetic-treatments\/","title":{"rendered":"Aesthetic Treatments"},"content":{"rendered":"<section class=\"l-section wpb_row height_medium with_overlay\" style=\"padding-top: 20px !important;padding-bottom: 20px !important;\"><div class=\"l-section-overlay\" style=\"background-color: #f2f2f2\"><\/div><div class=\"l-section-h i-cf\"><div class=\"g-cols offset_small\"><div class=\"vc_col-sm-6 vc_col-lg-3 vc_col-md-3 wpb_column vc_column_container\"><div class=\"vc_column-inner\"><div class=\"w-image \"><a href=\"http:\/\/http\" title=\"\" target=\"\" rel=\"\"><img loading=\"lazy\" decoding=\"async\" width=\"300\" height=\"160\" src=\"http:\/\/elviogarcia.com.br\/wp-content\/uploads\/2016\/12\/Accent_manthus_ultrassom_elvio_garcia-home.jpg\" class=\"attachment-full size-full\" alt=\"\" \/><\/a><\/div><div class=\"wpb_text_column \"><div class=\"wpb_wrapper\">\n<h6><a href=\"http:\/\/elviogarcia.com.br\/tratamentos-esteticos\/accent\/\">Accent<\/a><\/h6>\n<\/div> <\/div> <\/div><\/div><div class=\"vc_col-sm-6 vc_col-lg-3 vc_col-md-3 wpb_column vc_column_container\"><div class=\"vc_column-inner\"><div class=\"w-image \"><a href=\"http:\/\/http\" title=\"\" target=\"\" rel=\"\"><img loading=\"lazy\" decoding=\"async\" width=\"300\" height=\"160\" src=\"http:\/\/elviogarcia.com.br\/wp-content\/uploads\/2016\/12\/botox_elvio_garcia-home.jpg\" class=\"attachment-full size-full\" alt=\"\" \/><\/a><\/div><div class=\"wpb_text_column \"><div class=\"wpb_wrapper\">\n<h6><a href=\"http:\/\/elviogarcia.com.br\/tratamentos-esteticos\/botox\/\">Botox<\/a><\/h6>\n<\/div> <\/div> <\/div><\/div><div class=\"vc_col-sm-6 vc_col-lg-3 vc_col-md-3 wpb_column vc_column_container\"><div class=\"vc_column-inner\"><div class=\"w-image \"><a href=\"http:\/\/http\" title=\"\" target=\"\" rel=\"\"><img loading=\"lazy\" decoding=\"async\" width=\"300\" height=\"160\" src=\"http:\/\/elviogarcia.com.br\/wp-content\/uploads\/2016\/12\/acido_hialuronico_elvio_garcia-home.jpg\" class=\"attachment-full size-full\" alt=\"\" \/><\/a><\/div><div class=\"wpb_text_column \"><div class=\"wpb_wrapper\">\n<h6><a href=\"http:\/\/elviogarcia.com.br\/tratamentos-esteticos\/acido-hialuronico\/\">\u00c1cido Hialur\u00f4nico<\/a><\/h6>\n<\/div> <\/div> <\/div><\/div><div class=\"vc_col-sm-6 vc_col-lg-3 vc_col-md-3 wpb_column vc_column_container\"><div class=\"vc_column-inner\"><div class=\"w-image \"><a href=\"http:\/\/http\" title=\"\" target=\"\" rel=\"\"><img loading=\"lazy\" decoding=\"async\" width=\"300\" height=\"160\" src=\"http:\/\/elviogarcia.com.br\/wp-content\/uploads\/2016\/12\/peeling_cristal_elvio_garcia-home.jpg\" class=\"attachment-full size-full\" alt=\"\" \/><\/a><\/div><div class=\"wpb_text_column \"><div class=\"wpb_wrapper\">\n<h6><a href=\"http:\/\/elviogarcia.com.br\/tratamentos-esteticos\/peeling-de-cristal\/\">Peeling de Cristal<\/a><\/h6>\n<\/div> <\/div> <\/div><\/div><\/div><\/div><\/section><section class=\"l-section wpb_row height_small with_overlay\" style=\"padding-top: 20px !important;padding-bottom: 20px !important;\"><div class=\"l-section-overlay\" style=\"background-color: #f2f2f2\"><\/div><div class=\"l-section-h i-cf\"><div class=\"g-cols offset_small\"><div class=\"vc_col-sm-6 vc_col-lg-3 vc_col-md-3 wpb_column vc_column_container\"><div class=\"vc_column-inner\"><div class=\"w-image \"><a href=\"http:\/\/http\" title=\"\" target=\"\" rel=\"\"><img loading=\"lazy\" decoding=\"async\" width=\"300\" height=\"160\" src=\"http:\/\/elviogarcia.com.br\/wp-content\/uploads\/2016\/12\/limpeza_pele_elvio_garcia-home.jpg\" class=\"attachment-full size-full\" alt=\"\" \/><\/a><\/div><div class=\"wpb_text_column \"><div class=\"wpb_wrapper\">\n<h6><a href=\"http:\/\/elviogarcia.com.br\/tratamentos-esteticos\/limpeza-de-pele\/\">Limpeza de pele<\/a><\/h6>\n<\/div> <\/div> <\/div><\/div><div class=\"vc_col-sm-6 vc_col-lg-3 vc_col-md-3 wpb_column vc_column_container\"><div class=\"vc_column-inner\"><div class=\"w-image \"><a href=\"http:\/\/http\" title=\"\" target=\"\" rel=\"\"><img loading=\"lazy\" decoding=\"async\" width=\"300\" height=\"160\" src=\"http:\/\/elviogarcia.com.br\/wp-content\/uploads\/2016\/12\/drenagem_linfatica_elvio_garcia-home.jpg\" class=\"attachment-full size-full\" alt=\"\" \/><\/a><\/div><div class=\"wpb_text_column \"><div class=\"wpb_wrapper\">\n<h6><a href=\"http:\/\/elviogarcia.com.br\/tratamentos-esteticos\/drenagem-linfatica\/\">Drenagem Linf\u00e1tica<br \/>\n<\/a><\/h6>\n<\/div> <\/div> <\/div><\/div><div class=\"vc_col-sm-6 vc_col-lg-3 vc_col-md-3 wpb_column vc_column_container\"><div class=\"vc_column-inner\"><div class=\"w-image \"><a href=\"http:\/\/http\" title=\"\" target=\"\" rel=\"\"><img loading=\"lazy\" decoding=\"async\" width=\"300\" height=\"160\" src=\"http:\/\/elviogarcia.com.br\/wp-content\/uploads\/2016\/12\/endermologia_elvio_garcia-home.jpg\" class=\"attachment-full size-full\" alt=\"\" \/><\/a><\/div><div class=\"wpb_text_column \"><div class=\"wpb_wrapper\">\n<h6><a href=\"http:\/\/elviogarcia.com.br\/tratamentos-esteticos\/endermologia\/\">Endermologia<\/a><\/h6>\n<\/div> <\/div> <\/div><\/div><div class=\"vc_col-sm-6 vc_col-lg-3 vc_col-md-3 wpb_column vc_column_container\"><div class=\"vc_column-inner\"><div class=\"w-image \"><a href=\"http:\/\/http\" title=\"\" target=\"\" rel=\"\"><img loading=\"lazy\" decoding=\"async\" width=\"300\" height=\"160\" src=\"http:\/\/elviogarcia.com.br\/wp-content\/uploads\/2016\/12\/Accent_manthus_ultrassom_elvio_garcia-home.jpg\" class=\"attachment-full size-full\" alt=\"\" \/><\/a><\/div><div class=\"wpb_text_column \"><div class=\"wpb_wrapper\">\n<h6><a href=\"http:\/\/elviogarcia.com.br\/tratamentos-esteticos\/manthus-ultrassom\/\">Manthus Ultrassom<\/a><\/h6>\n<\/div> <\/div> <\/div><\/div><\/div><\/div><\/section><section class=\"l-section wpb_row height_small with_overlay\" style=\"padding-top: 20px !important;padding-bottom: 20px !important;\"><div class=\"l-section-overlay\" style=\"background-color: #f2f2f2\"><\/div><div class=\"l-section-h i-cf\"><div class=\"g-cols offset_small\"><div class=\"vc_col-sm-6 vc_col-lg-3 vc_col-md-3 wpb_column vc_column_container\"><div class=\"vc_column-inner\"><div class=\"w-image \"><a href=\"http:\/\/http\" title=\"\" target=\"\" rel=\"\"><img loading=\"lazy\" decoding=\"async\" width=\"300\" height=\"160\" src=\"http:\/\/elviogarcia.com.br\/wp-content\/uploads\/2016\/12\/velashape_elvio_garcia-home.jpg\" class=\"attachment-full size-full\" alt=\"\" \/><\/a><\/div><div class=\"wpb_text_column \"><div class=\"wpb_wrapper\">\n<h6><a href=\"http:\/\/elviogarcia.com.br\/tratamentos-esteticos\/velashape\/\">VelaShape<\/a><\/h6>\n<\/div> <\/div> <\/div><\/div><div class=\"vc_col-sm-6 vc_col-lg-3 vc_col-md-3 wpb_column vc_column_container\"><div class=\"vc_column-inner\"><\/div><\/div><div class=\"vc_col-sm-6 vc_col-lg-3 vc_col-md-3 wpb_column vc_column_container\"><div class=\"vc_column-inner\"><\/div><\/div><div class=\"vc_col-sm-6 vc_col-lg-3 vc_col-md-3 wpb_column vc_column_container\"><div class=\"vc_column-inner\"><\/div><\/div><\/div><\/div><\/section>\n","protected":false},"excerpt":{"rendered":"Accent Botox \u00c1cido Hialur\u00f4nico Peeling de Cristal Limpeza de pele Drenagem Linf\u00e1tica Endermologia Manthus Ultrassom VelaShape","protected":false},"author":1,"featured_media":0,"parent":0,"menu_order":0,"comment_status":"closed","ping_status":"closed","template":"","meta":{"footnotes":""},"class_list":["post-17364","page","type-page","status-publish","hentry"],"aioseo_notices":[],"_links":{"self":[{"href":"http:\/\/elviogarcia.com.br\/en\/wp-json\/wp\/v2\/pages\/17364\/"}],"collection":[{"href":"http:\/\/elviogarcia.com.br\/en\/wp-json\/wp\/v2\/pages\/"}],"about":[{"href":"http:\/\/elviogarcia.com.br\/en\/wp-json\/wp\/v2\/types\/page\/"}],"author":[{"embeddable":true,"href":"http:\/\/elviogarcia.com.br\/en\/wp-json\/wp\/v2\/users\/1\/"}],"replies":[{"embeddable":true,"href":"http:\/\/elviogarcia.com.br\/en\/wp-json\/wp\/v2\/comments\/?post=17364"}],"version-history":[{"count":9,"href":"http:\/\/elviogarcia.com.br\/en\/wp-json\/wp\/v2\/pages\/17364\/revisions\/"}],"predecessor-version":[{"id":17373,"href":"http:\/\/elviogarcia.com.br\/en\/wp-json\/wp\/v2\/pages\/17364\/revisions\/17373\/"}],"wp:attachment":[{"href":"http:\/\/elviogarcia.com.br\/en\/wp-json\/wp\/v2\/media\/?parent=17364"}],"curies":[{"name":"wp","href":"https:\/\/api.w.org\/{rel}","templated":true}]}}