{"id":17297,"date":"2016-12-15T11:07:12","date_gmt":"2016-12-15T14:07:12","guid":{"rendered":"http:\/\/elviogarcia.com.br\/home\/"},"modified":"2016-12-16T12:27:20","modified_gmt":"2016-12-16T15:27:20","slug":"home","status":"publish","type":"page","link":"http:\/\/elviogarcia.com.br\/en\/","title":{"rendered":"Home"},"content":{"rendered":"<section class=\"l-section wpb_row height_auto width_full\"><div class=\"l-section-h i-cf\"><div class=\"g-cols offset_small\"><div class=\"vc_col-sm-12 wpb_column vc_column_container\"><div class=\"vc_column-inner\"><div class=\"w-image  align_center\"><img loading=\"lazy\" decoding=\"async\" width=\"1700\" height=\"500\" src=\"http:\/\/elviogarcia.com.br\/wp-content\/uploads\/2016\/07\/Teste-final.jpg\" class=\"attachment-full size-full\" alt=\"\" srcset=\"http:\/\/elviogarcia.com.br\/wp-content\/uploads\/2016\/07\/Teste-final.jpg 1700w, http:\/\/elviogarcia.com.br\/wp-content\/uploads\/2016\/07\/Teste-final-300x88.jpg 300w, http:\/\/elviogarcia.com.br\/wp-content\/uploads\/2016\/07\/Teste-final-768x226.jpg 768w, http:\/\/elviogarcia.com.br\/wp-content\/uploads\/2016\/07\/Teste-final-1024x301.jpg 1024w, http:\/\/elviogarcia.com.br\/wp-content\/uploads\/2016\/07\/Teste-final-600x176.jpg 600w\" sizes=\"auto, (max-width: 1700px) 100vw, 1700px\" \/><\/div><\/div><\/div><\/div><\/div><\/section><section class=\"l-section wpb_row height_auto with_overlay\" style=\"padding-top: 117px !important;\"><div class=\"l-section-overlay\" style=\"background-color: #f2f2f2\"><\/div><div class=\"l-section-h i-cf\"><div class=\"g-cols offset_small\"><div class=\"vc_col-sm-12 wpb_column vc_column_container\"><div class=\"vc_column-inner\"><div class=\"wpb_text_column \"><div class=\"wpb_wrapper\">\n<h3 style=\"text-align: center;\">Procedures performed<\/h3>\n<\/div> <\/div> <\/div><\/div><\/div><\/div><\/section><section class=\"l-section wpb_row height_medium with_overlay\" style=\"padding-top: 20px !important;padding-bottom: 20px !important;\"><div class=\"l-section-overlay\" style=\"background-color: #f2f2f2\"><\/div><div class=\"l-section-h i-cf\"><div class=\"g-cols offset_small\"><div class=\"vc_col-sm-6 vc_col-lg-3 vc_col-md-3 wpb_column vc_column_container\"><div class=\"vc_column-inner\"><div class=\"w-image \"><a href=\"http:\/\/elviogarcia.com.br\/cirurgia-plastica\/blefaroplastia\/\" title=\"\" target=\"\" rel=\"\"><img loading=\"lazy\" decoding=\"async\" width=\"300\" height=\"160\" src=\"http:\/\/elviogarcia.com.br\/wp-content\/uploads\/2016\/07\/blefaroplastia_elvio_garcia-home.jpg\" class=\"attachment-full size-full\" alt=\"\" \/><\/a><\/div><div class=\"wpb_text_column \"><div class=\"wpb_wrapper\">\n<h6><a href=\"http:\/\/elviogarcia.com.br\/cirurgia-plastica\/blefaroplastia\/\">Blefaroplastia<\/a><\/h6>\n<\/div> <\/div> <\/div><\/div><div class=\"vc_col-sm-6 vc_col-lg-3 vc_col-md-3 wpb_column vc_column_container\"><div class=\"vc_column-inner\"><div class=\"w-image \"><a href=\"http:\/\/elviogarcia.com.br\/cirurgia-plastica\/dermolipectomia-abdominal\/\" title=\"\" target=\"\" rel=\"\"><img loading=\"lazy\" decoding=\"async\" width=\"297\" height=\"158\" src=\"http:\/\/elviogarcia.com.br\/wp-content\/uploads\/2016\/07\/24.jpg\" class=\"attachment-full size-full\" alt=\"\" \/><\/a><\/div><div class=\"wpb_text_column \"><div class=\"wpb_wrapper\">\n<h6><a href=\"http:\/\/elviogarcia.com.br\/cirurgia-plastica\/dermolipectomia-abdominal\/\">Dermolipectomia Abdominal<\/a><\/h6>\n<\/div> <\/div> <\/div><\/div><div class=\"vc_col-sm-6 vc_col-lg-3 vc_col-md-3 wpb_column vc_column_container\"><div class=\"vc_column-inner\"><div class=\"w-image \"><a href=\"http:\/\/elviogarcia.com.br\/cirurgia-plastica\/dermolipectomia-crural\/\" title=\"\" target=\"\" rel=\"\"><img loading=\"lazy\" decoding=\"async\" width=\"300\" height=\"160\" src=\"http:\/\/elviogarcia.com.br\/wp-content\/uploads\/2016\/12\/dermolipectomia_crural_elvio_garcia-home.jpg\" class=\"attachment-full size-full\" alt=\"\" \/><\/a><\/div><div class=\"wpb_text_column \"><div class=\"wpb_wrapper\">\n<h6><a href=\"http:\/\/elviogarcia.com.br\/cirurgia-plastica\/dermolipectomia-crural\/\">Dermolipectomia Crural<\/a><\/h6>\n<\/div> <\/div> <\/div><\/div><div class=\"vc_col-sm-6 vc_col-lg-3 vc_col-md-3 wpb_column vc_column_container\"><div class=\"vc_column-inner\"><div class=\"w-image \"><a href=\"http:\/\/elviogarcia.com.br\/cirurgia-plastica\/ginecomastia\/\" title=\"\" target=\"\" rel=\"\"><img loading=\"lazy\" decoding=\"async\" width=\"300\" height=\"160\" src=\"http:\/\/elviogarcia.com.br\/wp-content\/uploads\/2016\/12\/ginecomastia_elvio_garcia-home.jpg\" class=\"attachment-full size-full\" alt=\"\" \/><\/a><\/div><div class=\"wpb_text_column \"><div class=\"wpb_wrapper\">\n<h6><a href=\"http:\/\/elviogarcia.com.br\/cirurgia-plastica\/ginecomastia\/\">Ginecomastia<\/a><\/h6>\n<\/div> <\/div> <\/div><\/div><\/div><\/div><\/section><section class=\"l-section wpb_row height_small with_overlay\" style=\"padding-top: 20px !important;padding-bottom: 20px !important;\"><div class=\"l-section-overlay\" style=\"background-color: #f2f2f2\"><\/div><div class=\"l-section-h i-cf\"><div class=\"g-cols offset_small\"><div class=\"vc_col-sm-6 vc_col-lg-3 vc_col-md-3 wpb_column vc_column_container\"><div class=\"vc_column-inner\"><div class=\"w-image \"><a href=\"http:\/\/elviogarcia.com.br\/cirurgia-plastica\/lipoaspiracao\/\" title=\"\" target=\"\" rel=\"\"><img loading=\"lazy\" decoding=\"async\" width=\"300\" height=\"160\" src=\"http:\/\/elviogarcia.com.br\/wp-content\/uploads\/2016\/12\/lipoaspiracao_elvio_garcia-home.jpg\" class=\"attachment-full size-full\" alt=\"\" \/><\/a><\/div><div class=\"wpb_text_column \"><div class=\"wpb_wrapper\">\n<h6><a href=\"http:\/\/elviogarcia.com.br\/cirurgia-plastica\/lipoaspiracao\/\">Lipoaspira\u00e7\u00e3o e Lipoescultura<\/a><\/h6>\n<\/div> <\/div> <\/div><\/div><div class=\"vc_col-sm-6 vc_col-lg-3 vc_col-md-3 wpb_column vc_column_container\"><div class=\"vc_column-inner\"><div class=\"w-image \"><a href=\"http:\/\/elviogarcia.com.br\/cirurgia-plastica\/mamoplastia\/\" title=\"\" target=\"\" rel=\"\"><img loading=\"lazy\" decoding=\"async\" width=\"300\" height=\"160\" src=\"http:\/\/elviogarcia.com.br\/wp-content\/uploads\/2016\/12\/mamoplastia_elvio_garcia-home.jpg\" class=\"attachment-full size-full\" alt=\"\" \/><\/a><\/div><div class=\"wpb_text_column \"><div class=\"wpb_wrapper\">\n<h6><a href=\"http:\/\/elviogarcia.com.br\/cirurgia-plastica\/mamoplastia\/\">Mamoplastia<\/a><\/h6>\n<\/div> <\/div> <\/div><\/div><div class=\"vc_col-sm-6 vc_col-lg-3 vc_col-md-3 wpb_column vc_column_container\"><div class=\"vc_column-inner\"><div class=\"w-image \"><a href=\"http:\/\/elviogarcia.com.br\/cirurgia-plastica\/mini-abdomen\/\" title=\"\" target=\"\" rel=\"\"><img loading=\"lazy\" decoding=\"async\" width=\"300\" height=\"160\" src=\"http:\/\/elviogarcia.com.br\/wp-content\/uploads\/2016\/12\/mini-abdomen_elvio_garcia-home.jpg\" class=\"attachment-full size-full\" alt=\"\" \/><\/a><\/div><div class=\"wpb_text_column \"><div class=\"wpb_wrapper\">\n<h6><a href=\"http:\/\/elviogarcia.com.br\/cirurgia-plastica\/mini-abdomen\/\">Mini-Abdomen<\/a><\/h6>\n<\/div> <\/div> <\/div><\/div><div class=\"vc_col-sm-6 vc_col-lg-3 vc_col-md-3 wpb_column vc_column_container\"><div class=\"vc_column-inner\"><div class=\"w-image \"><a href=\"http:\/\/elviogarcia.com.br\/cirurgia-plastica\/otoplastia\/\" title=\"\" target=\"\" rel=\"\"><img loading=\"lazy\" decoding=\"async\" width=\"300\" height=\"160\" src=\"http:\/\/elviogarcia.com.br\/wp-content\/uploads\/2016\/12\/otoplastia_elvio_garcia-home.jpg\" class=\"attachment-full size-full\" alt=\"\" \/><\/a><\/div><div class=\"wpb_text_column \"><div class=\"wpb_wrapper\">\n<h6><a href=\"http:\/\/elviogarcia.com.br\/cirurgia-plastica\/otoplastia\/\">Otoplastia<\/a><\/h6>\n<\/div> <\/div> <\/div><\/div><\/div><\/div><\/section><section class=\"l-section wpb_row height_small with_overlay\" style=\"padding-top: 20px !important;padding-bottom: 20px !important;\"><div class=\"l-section-overlay\" style=\"background-color: #f2f2f2\"><\/div><div class=\"l-section-h i-cf\"><div class=\"g-cols offset_small\"><div class=\"vc_col-sm-6 vc_col-lg-3 vc_col-md-3 wpb_column vc_column_container\"><div class=\"vc_column-inner\"><div class=\"w-image \"><a href=\"http:\/\/elviogarcia.com.br\/cirurgia-plastica\/protese-de-mama\/\" title=\"\" target=\"\" rel=\"\"><img loading=\"lazy\" decoding=\"async\" width=\"300\" height=\"160\" src=\"http:\/\/elviogarcia.com.br\/wp-content\/uploads\/2016\/12\/protese_mama_elvio_garcia-home.jpg\" class=\"attachment-full size-full\" alt=\"\" \/><\/a><\/div><div class=\"wpb_text_column \"><div class=\"wpb_wrapper\">\n<h6><a href=\"http:\/\/elviogarcia.com.br\/cirurgia-plastica\/protese-de-mama\/\">Pr\u00f3tese de Mama<\/a><\/h6>\n<\/div> <\/div> <\/div><\/div><div class=\"vc_col-sm-6 vc_col-lg-3 vc_col-md-3 wpb_column vc_column_container\"><div class=\"vc_column-inner\"><div class=\"w-image \"><a href=\"http:\/\/elviogarcia.com.br\/cirurgia-plastica\/reconstrucao-de-mama\/\" title=\"\" target=\"\" rel=\"\"><img loading=\"lazy\" decoding=\"async\" width=\"300\" height=\"160\" src=\"http:\/\/elviogarcia.com.br\/wp-content\/uploads\/2016\/12\/reconstrucao_mama_elvio_garcia-home.jpg\" class=\"attachment-full size-full\" alt=\"\" \/><\/a><\/div><div class=\"wpb_text_column \"><div class=\"wpb_wrapper\">\n<h6><a href=\"http:\/\/elviogarcia.com.br\/cirurgia-plastica\/reconstrucao-de-mama\/\">Reconstru\u00e7\u00e3o de Mama<\/a><\/h6>\n<\/div> <\/div> <\/div><\/div><div class=\"vc_col-sm-6 vc_col-lg-3 vc_col-md-3 wpb_column vc_column_container\"><div class=\"vc_column-inner\"><div class=\"w-image \"><a href=\"http:\/\/elviogarcia.com.br\/cirurgia-plastica\/rinoplastia\/\" title=\"\" target=\"\" rel=\"\"><img loading=\"lazy\" decoding=\"async\" width=\"300\" height=\"160\" src=\"http:\/\/elviogarcia.com.br\/wp-content\/uploads\/2016\/12\/rinoplastia_elvio_garcia-home.jpg\" class=\"attachment-full size-full\" alt=\"\" \/><\/a><\/div><div class=\"wpb_text_column \"><div class=\"wpb_wrapper\">\n<h6><a href=\"http:\/\/elviogarcia.com.br\/cirurgia-plastica\/rinoplastia\/\">Rinoplastia<\/a><\/h6>\n<\/div> <\/div> <\/div><\/div><div class=\"vc_col-sm-6 vc_col-lg-3 vc_col-md-3 wpb_column vc_column_container\"><div class=\"vc_column-inner\"><div class=\"w-image \"><a href=\"http:\/\/elviogarcia.com.br\/cirurgia-plastica\/ritidoplastia\/\" title=\"\" target=\"\" rel=\"\"><img loading=\"lazy\" decoding=\"async\" width=\"300\" height=\"160\" src=\"http:\/\/elviogarcia.com.br\/wp-content\/uploads\/2016\/12\/ritidoplastia_elvio_garcia-home.jpg\" class=\"attachment-full size-full\" alt=\"\" \/><\/a><\/div><div class=\"wpb_text_column \"><div class=\"wpb_wrapper\">\n<h6><a href=\"http:\/\/elviogarcia.com.br\/cirurgia-plastica\/ritidoplastia\/\">Ritidoplastia<\/a><\/h6>\n<\/div> <\/div> <\/div><\/div><\/div><\/div><\/section><section class=\"l-section wpb_row height_small with_overlay\" style=\"padding-top: 20px !important;padding-bottom: 20px !important;\"><div class=\"l-section-overlay\" style=\"background-color: #f2f2f2\"><\/div><div class=\"l-section-h i-cf\"><div class=\"g-cols offset_small\"><div class=\"vc_col-sm-6 vc_col-lg-3 vc_col-md-3 wpb_column vc_column_container\"><div class=\"vc_column-inner\"><div class=\"w-image \"><a href=\"http:\/\/elviogarcia.com.br\/cirurgia-plastica\/transplante-de-cabelo\/\" title=\"\" target=\"\" rel=\"\"><img loading=\"lazy\" decoding=\"async\" width=\"300\" height=\"160\" src=\"http:\/\/elviogarcia.com.br\/wp-content\/uploads\/2016\/12\/transplante_cabelo_elvio_garcia-home.jpg\" class=\"attachment-full size-full\" alt=\"\" \/><\/a><\/div><div class=\"wpb_text_column \"><div class=\"wpb_wrapper\">\n<h6><a href=\"http:\/\/elviogarcia.com.br\/cirurgia-plastica\/transplante-de-cabelo\/\">Transplante de Cabelo<\/a><\/h6>\n<\/div> <\/div> <\/div><\/div><div class=\"vc_col-sm-6 vc_col-lg-3 vc_col-md-3 wpb_column vc_column_container\"><div class=\"vc_column-inner\"><div class=\"w-image \"><a href=\"http:\/\/elviogarcia.com.br\/tratamentos-esteticos\/\" title=\"\" target=\"\" rel=\"\"><img loading=\"lazy\" decoding=\"async\" width=\"300\" height=\"160\" src=\"http:\/\/elviogarcia.com.br\/wp-content\/uploads\/2016\/12\/limpeza_pele_elvio_garcia-home.jpg\" class=\"attachment-full size-full\" alt=\"\" \/><\/a><\/div><div class=\"wpb_text_column \"><div class=\"wpb_wrapper\">\n<h6><a href=\"http:\/\/elviogarcia.com.br\/tratamentos-esteticos\/\">Tratamentos Est\u00e9ticos<\/a><\/h6>\n<\/div> <\/div> <\/div><\/div><div class=\"vc_col-sm-6 vc_col-lg-3 vc_col-md-3 wpb_column vc_column_container\"><div class=\"vc_column-inner\"><\/div><\/div><div class=\"vc_col-sm-6 vc_col-lg-3 vc_col-md-3 wpb_column vc_column_container\"><div class=\"vc_column-inner\"><\/div><\/div><\/div><\/div><\/section><section class=\"l-section wpb_row height_medium with_overlay\" style=\"padding-top: 30px !important;padding-bottom: 30px !important;\"><div class=\"l-section-overlay\" style=\"background-color: #ffffff\"><\/div><div class=\"l-section-h i-cf\"><div class=\"g-cols offset_small\"><div class=\"vc_col-sm-12 wpb_column vc_column_container\"><div class=\"vc_column-inner\"><div class=\"wpb_text_column \"><div class=\"wpb_wrapper\">\n<h3 style=\"text-align: center;\"><span style=\"color: #0d6e98;\">Articles<\/span><\/h3>\n<\/div> <\/div> [vc_empty_space height=&#8221;15px&#8221;]No posts were found.<\/div><\/div><\/div><\/div><\/section><section class=\"l-section wpb_row height_medium with_overlay\" id=\"clinica\" style=\"padding-top: 50px !important;background-color: #fafafa !important;\"><div class=\"l-section-overlay\" style=\"background-color: #f2f2f2\"><\/div><div class=\"l-section-h i-cf\"><div class=\"g-cols offset_small\"><div class=\"vc_col-sm-12 wpb_column vc_column_container\"><div class=\"vc_column-inner\"><div class=\"wpb_text_column \"><div class=\"wpb_wrapper\">\n<h3 style=\"text-align: center;\">Clinic<\/h3>\n<\/div> <\/div> <div class=\"wpb_text_column \"><div class=\"wpb_wrapper\">\n<h4 style=\"text-align: center;\">Schedule your appointment in advance.<\/h4>\n<\/div> <\/div> [vc_empty_space height=&#8221;30px&#8221;]<div class=\"g-cols wpb_row offset_small vc_inner \"><div class=\"vc_col-sm-4 wpb_column vc_column_container\"><div class=\"vc_column-inner\"><div class=\"wpb_text_column \"><div class=\"wpb_wrapper\"><p>Located in the heart of the Itaim district, between Tabapu\u00e3 and Joaquim Floriano streets, with easy access by Brigadeiro Faria Lima and Juscelino Kubitschek avenues, our clinic offers the ideal conditions for you to carry out your treatment with privacy and convenience.<\/p><\/div> <\/div> <\/div><\/div><div class=\"vc_col-sm-8 wpb_column vc_column_container\"><div class=\"vc_column-inner\"><div class=\"w-gallery layout_default cols_3 with_indents style_simple link_media\"><div class=\"w-gallery-list\"><a class=\"w-gallery-item order_1\" href=\"http:\/\/elviogarcia.com.br\/wp-content\/uploads\/2010\/11\/Dr-Elvio-Garcia-61.jpg\" title=\"Dr Elvio Garcia 6\"><div class=\"w-gallery-item-img\"><img loading=\"lazy\" decoding=\"async\" width=\"600\" height=\"450\" src=\"http:\/\/elviogarcia.com.br\/wp-content\/uploads\/2010\/11\/Dr-Elvio-Garcia-61.jpg\" class=\"attachment-tnail-1x1 size-tnail-1x1\" alt=\"\" srcset=\"http:\/\/elviogarcia.com.br\/wp-content\/uploads\/2010\/11\/Dr-Elvio-Garcia-61.jpg 800w, http:\/\/elviogarcia.com.br\/wp-content\/uploads\/2010\/11\/Dr-Elvio-Garcia-61-300x225.jpg 300w, http:\/\/elviogarcia.com.br\/wp-content\/uploads\/2010\/11\/Dr-Elvio-Garcia-61-768x576.jpg 768w\" sizes=\"auto, (max-width: 600px) 100vw, 600px\" \/><\/div><\/a><a class=\"w-gallery-item order_2\" href=\"http:\/\/elviogarcia.com.br\/wp-content\/uploads\/2010\/11\/Dr-Elvio-Garcia-21.jpg\" title=\"Dr Elvio Garcia 2\"><div class=\"w-gallery-item-img\"><img loading=\"lazy\" decoding=\"async\" width=\"600\" height=\"450\" src=\"http:\/\/elviogarcia.com.br\/wp-content\/uploads\/2010\/11\/Dr-Elvio-Garcia-21.jpg\" class=\"attachment-tnail-1x1 size-tnail-1x1\" alt=\"\" srcset=\"http:\/\/elviogarcia.com.br\/wp-content\/uploads\/2010\/11\/Dr-Elvio-Garcia-21.jpg 800w, http:\/\/elviogarcia.com.br\/wp-content\/uploads\/2010\/11\/Dr-Elvio-Garcia-21-300x225.jpg 300w, http:\/\/elviogarcia.com.br\/wp-content\/uploads\/2010\/11\/Dr-Elvio-Garcia-21-768x576.jpg 768w\" sizes=\"auto, (max-width: 600px) 100vw, 600px\" \/><\/div><\/a><a class=\"w-gallery-item order_3\" href=\"http:\/\/elviogarcia.com.br\/wp-content\/uploads\/2010\/11\/Dr-Elvio-Garcia-3.jpg\" title=\"Dr Elvio Garcia 3\"><div class=\"w-gallery-item-img\"><img loading=\"lazy\" decoding=\"async\" width=\"600\" height=\"450\" src=\"http:\/\/elviogarcia.com.br\/wp-content\/uploads\/2010\/11\/Dr-Elvio-Garcia-3.jpg\" class=\"attachment-tnail-1x1 size-tnail-1x1\" alt=\"\" srcset=\"http:\/\/elviogarcia.com.br\/wp-content\/uploads\/2010\/11\/Dr-Elvio-Garcia-3.jpg 800w, http:\/\/elviogarcia.com.br\/wp-content\/uploads\/2010\/11\/Dr-Elvio-Garcia-3-300x225.jpg 300w, http:\/\/elviogarcia.com.br\/wp-content\/uploads\/2010\/11\/Dr-Elvio-Garcia-3-768x576.jpg 768w\" sizes=\"auto, (max-width: 600px) 100vw, 600px\" \/><\/div><\/a><\/div><\/div>\n<\/div><\/div><\/div>[vc_empty_space height=&#8221;15px&#8221;]<\/div><\/div><\/div><\/div><\/section><section class=\"l-section wpb_row height_auto width_full\"><div class=\"l-section-h i-cf\"><div class=\"g-cols offset_small\"><div class=\"vc_col-sm-12 wpb_column vc_column_container\"><div class=\"vc_column-inner\"><div class=\"w-map\" id=\"us_map_1\" style=\"height: 400px\"><div class=\"w-map-h\"><\/div><div class=\"w-map-json\" onclick='return {&quot;address&quot;:&quot;Rua Viradouro, 63, Itaim Bibi, S\\u00e3o Paulo, SP, Brasil&quot;,&quot;markers&quot;:[{&quot;address&quot;:&quot;Rua Viradouro, 63, Itaim Bibi, S\\u00e3o Paulo, SP, Brasil&quot;,&quot;html&quot;:&quot;Cl\\u00ednica Dr. Elvio Garcia&quot;,&quot;infowindow&quot;:false}],&quot;zoom&quot;:15,&quot;maptype&quot;:&quot;ROADMAP&quot;,&quot;height&quot;:&quot;400&quot;,&quot;disableZoom&quot;:true}'><\/div><\/div>[vc_empty_space height=&#8221;15px&#8221;]<\/div><\/div><\/div><\/div><\/section><section class=\"l-section wpb_row height_medium\"><div class=\"l-section-h i-cf\"><div class=\"g-cols offset_small\"><div class=\"vc_col-sm-6 wpb_column vc_column_container\"><div class=\"vc_column-inner\"><div class=\"wpb_text_column \"><div class=\"wpb_wrapper\">\n<h3>Contact<\/h3>\n<\/div> <\/div> <div class=\"w-contacts\"><div class=\"w-contacts-list\"><div class=\"w-contacts-item for_address\"><span class=\"w-contacts-item-value\">Rua Viradouro, 63 \u2022 Cj 22 \u2022 Itaim Bibi \u2022 S\u00e3o Paulo<\/span><\/div><div class=\"w-contacts-item for_phone\"><span class=\"w-contacts-item-value\">+55 11 3073 0113 \u2022 3073 0256<\/span><\/div><div class=\"w-contacts-item for_email\"><span class=\"w-contacts-item-value\"><a href=\"mailto:clinica@elviogarcia.com.br\">clinica@elviogarcia.com.br<\/a><\/span><\/div><\/div><\/div><div class=\"w-separator type_invisible size_medium thick_1 style_solid color_border cont_none\"><span class=\"w-separator-h\"><\/span><\/div><div class=\"w-socials align_left style_desaturated index_1\" style=\"font-size: 24px;\"><div class=\"w-socials-list\"><div class=\"w-socials-item linkedin\">\n\t\t\t\t<a class=\"w-socials-item-link\" target=\"_blank\" href=\"https:\/\/br.linkedin.com\/in\/elvio-bueno-garcia-24817217\">\n\t\t\t\t\t<span class=\"w-socials-item-link-hover\"><\/span>\n\t\t\t\t<\/a>\n\t\t\t\t<div class=\"w-socials-item-popup\">\n\t\t\t\t\t<span>LinkedIn<\/span>\n\t\t\t\t<\/div>\n\t\t\t<\/div><\/div><\/div><\/div><\/div><div class=\"vc_col-sm-6 wpb_column vc_column_container\"><div class=\"vc_column-inner\"><div class=\"w-separator type_invisible size_large thick_1 style_solid color_border cont_none\"><span class=\"w-separator-h\"><\/span><\/div><div class=\"w-form for_cform align_left\" id=\"us_form_1\">\n\t<form class=\"w-form-h\" autocomplete=\"off\" action=\"http:\/\/elviogarcia.com.br\/en\/wp-json\/wp\/v2\/pages\/17297\" method=\"post\">\n\t\t\t\t\t\t\t<div class=\"w-form-row for_name\">\n\t<div class=\"w-form-row-label\">\n\t\t<label for=\"us_form_1_name\"><\/label>\n\t<\/div>\n\t<div class=\"w-form-row-field\">\n\t\t\t\t<input type=\"text\" name=\"name\" id=\"us_form_1_name\" value=\"\"\n\t\t       placeholder=\"Name\"\/>\n\t\t<span class=\"w-form-row-field-bar\"><\/span>\n\t\t\t<\/div>\n\t<div class=\"w-form-row-state\"><\/div>\n\t<\/div>\n\t\t\t\t\t<div class=\"w-form-row for_email required\">\n\t<div class=\"w-form-row-label\">\n\t\t<label for=\"us_form_1_email\"><\/label>\n\t<\/div>\n\t<div class=\"w-form-row-field\">\n\t\t\t\t<input type=\"email\" name=\"email\" id=\"us_form_1_email\" value=\"\"\n\t\t       placeholder=\"Email *\" data-required=\"true\" aria-required=\"true\"\/>\n\t\t<span class=\"w-form-row-field-bar\"><\/span>\n\t\t\t<\/div>\n\t<div class=\"w-form-row-state\"><\/div>\n\t<\/div>\n\t\t\t\t\t<div class=\"w-form-row for_message required\">\n\t<div class=\"w-form-row-label\">\n\t\t<label for=\"us_form_1_message\"><\/label>\n\t<\/div>\n\t<div class=\"w-form-row-field\">\n\t\t\t\t<textarea name=\"message\" id=\"us_form_1_message\" cols=\"30\" rows=\"10\" placeholder=\"Message *\"\n\t\t\t data-required=\"true\" aria-required=\"true\"><\/textarea>\n\t\t<span class=\"w-form-row-field-bar\"><\/span>\n\t\t\t<\/div>\n\t<div class=\"w-form-row-state\"><\/div>\n\t<\/div>\n\t\t\t\t\t<input type=\"hidden\" name=\"action\" value=\"us_ajax_cform\"\/>\n\t\t\t\t\t<input type=\"hidden\" name=\"post_id\" value=\"17297\"\/>\n\t\t\t\t\t<input type=\"hidden\" name=\"form_index\" value=\"1\"\/>\n\t\t\t\t\t<div class=\"w-form-row for_submit\">\n\t<div class=\"w-form-row-field\">\n\t\t<button class=\"w-btn size_15px color_primary style_solid\" type=\"submit\"><span class=\"g-preloader type_1\"><\/span><span class=\"w-btn-label\">Send Message<\/span><\/button>\n\t<\/div>\n<\/div>\n\t\t\t\t<div class=\"w-form-message\"><\/div>\n\t\t\t<\/form>\n\t\t\t<div class=\"w-form-json hidden\" onclick='return {&quot;ajaxurl&quot;:&quot;http:\\\/\\\/elviogarcia.com.br\\\/wp-admin\\\/admin-ajax.php&quot;,&quot;success&quot;:&quot;Thank you! Your message was sent.&quot;,&quot;errors&quot;:{&quot;name&quot;:&quot;Please enter your Name&quot;,&quot;email&quot;:&quot;Please enter your Email&quot;,&quot;message&quot;:&quot;Please enter a Message&quot;}}'><\/div>\n\t<\/div>\n<\/div><\/div><\/div><\/div><\/section>\n","protected":false},"excerpt":{"rendered":"Procedures performed Blefaroplastia Dermolipectomia Abdominal Dermolipectomia Crural Ginecomastia Lipoaspira\u00e7\u00e3o e Lipoescultura Mamoplastia Mini-Abdomen Otoplastia Pr\u00f3tese de Mama Reconstru\u00e7\u00e3o de Mama Rinoplastia Ritidoplastia Transplante de Cabelo Tratamentos Est\u00e9ticos Articles [vc_empty_space height=\"15px\"]No...","protected":false},"author":1,"featured_media":0,"parent":0,"menu_order":0,"comment_status":"closed","ping_status":"closed","template":"","meta":{"footnotes":""},"class_list":["post-17297","page","type-page","status-publish","hentry"],"aioseo_notices":[],"_links":{"self":[{"href":"http:\/\/elviogarcia.com.br\/en\/wp-json\/wp\/v2\/pages\/17297\/"}],"collection":[{"href":"http:\/\/elviogarcia.com.br\/en\/wp-json\/wp\/v2\/pages\/"}],"about":[{"href":"http:\/\/elviogarcia.com.br\/en\/wp-json\/wp\/v2\/types\/page\/"}],"author":[{"embeddable":true,"href":"http:\/\/elviogarcia.com.br\/en\/wp-json\/wp\/v2\/users\/1\/"}],"replies":[{"embeddable":true,"href":"http:\/\/elviogarcia.com.br\/en\/wp-json\/wp\/v2\/comments\/?post=17297"}],"version-history":[{"count":23,"href":"http:\/\/elviogarcia.com.br\/en\/wp-json\/wp\/v2\/pages\/17297\/revisions\/"}],"predecessor-version":[{"id":17422,"href":"http:\/\/elviogarcia.com.br\/en\/wp-json\/wp\/v2\/pages\/17297\/revisions\/17422\/"}],"wp:attachment":[{"href":"http:\/\/elviogarcia.com.br\/en\/wp-json\/wp\/v2\/media\/?parent=17297"}],"curies":[{"name":"wp","href":"https:\/\/api.w.org\/{rel}","templated":true}]}}